{"id":1588,"date":"2023-09-02T10:48:21","date_gmt":"2023-09-02T15:48:21","guid":{"rendered":"https:\/\/ranchovaqueromutata.co\/?post_type=product&#038;p=1588"},"modified":"2024-05-28T19:59:30","modified_gmt":"2024-05-29T00:59:30","slug":"bandeja-paisa-normal","status":"publish","type":"product","link":"https:\/\/ranchovaqueromutata.co\/?product=bandeja-paisa-normal","title":{"rendered":"Bandeja paisa basica"},"content":{"rendered":"<p>Bandeja paisa b\u00e1sica trae frijoles, chicharr\u00f3n, huevo, tajada de maduro o patac\u00f3n,\u00a0 porci\u00f3n de arroz, ensalada, aguacate, chorizo y limonada o jugo natural<\/p>\n","protected":false},"excerpt":{"rendered":"<p>Bandeja paisa b\u00e1sica trae frijoles, chicharr\u00f3n, huevo, tajada de maduro o patac\u00f3n,\u00a0 porci\u00f3n de arroz, ensalada, aguacate, chorizo y limonada o jugo natural<\/p>\n","protected":false},"featured_media":1482,"template":"","meta":{"om_disable_all_campaigns":false,"_uag_custom_page_level_css":"","_monsterinsights_skip_tracking":false,"_monsterinsights_sitenote_active":false,"_monsterinsights_sitenote_note":"","_monsterinsights_sitenote_category":0,"site-sidebar-layout":"default","site-content-layout":"","ast-site-content-layout":"default","site-content-style":"default","site-sidebar-style":"default","ast-global-header-display":"","ast-banner-title-visibility":"","ast-main-header-display":"","ast-hfb-above-header-display":"","ast-hfb-below-header-display":"","ast-hfb-mobile-header-display":"","site-post-title":"","ast-breadcrumbs-content":"","ast-featured-img":"","footer-sml-layout":"","theme-transparent-header-meta":"default","adv-header-id-meta":"","stick-header-meta":"","header-above-stick-meta":"","header-main-stick-meta":"","header-below-stick-meta":"","astra-migrate-meta-layouts":"set","ast-page-background-enabled":"default","ast-page-background-meta":{"desktop":{"background-color":"","background-image":"","background-repeat":"repeat","background-position":"center center","background-size":"auto","background-attachment":"scroll","background-type":"","background-media":"","overlay-type":"","overlay-color":"","overlay-opacity":"","overlay-gradient":""},"tablet":{"background-color":"","background-image":"","background-repeat":"repeat","background-position":"center center","background-size":"auto","background-attachment":"scroll","background-type":"","background-media":"","overlay-type":"","overlay-color":"","overlay-opacity":"","overlay-gradient":""},"mobile":{"background-color":"","background-image":"","background-repeat":"repeat","background-position":"center center","background-size":"auto","background-attachment":"scroll","background-type":"","background-media":"","overlay-type":"","overlay-color":"","overlay-opacity":"","overlay-gradient":""}},"ast-content-background-meta":{"desktop":{"background-color":"var(--ast-global-color-5)","background-image":"","background-repeat":"repeat","background-position":"center center","background-size":"auto","background-attachment":"scroll","background-type":"","background-media":"","overlay-type":"","overlay-color":"","overlay-opacity":"","overlay-gradient":""},"tablet":{"background-color":"var(--ast-global-color-5)","background-image":"","background-repeat":"repeat","background-position":"center center","background-size":"auto","background-attachment":"scroll","background-type":"","background-media":"","overlay-type":"","overlay-color":"","overlay-opacity":"","overlay-gradient":""},"mobile":{"background-color":"var(--ast-global-color-5)","background-image":"","background-repeat":"repeat","background-position":"center center","background-size":"auto","background-attachment":"scroll","background-type":"","background-media":"","overlay-type":"","overlay-color":"","overlay-opacity":"","overlay-gradient":""}}},"product_brand":[],"product_cat":[26],"product_tag":[],"class_list":{"0":"post-1588","1":"product","2":"type-product","3":"status-publish","4":"has-post-thumbnail","6":"product_cat-bandejas","7":"desktop-align-left","8":"tablet-align-left","9":"mobile-align-left","11":"first","12":"instock","13":"shipping-taxable","14":"purchasable","15":"product-type-simple"},"aioseo_notices":[],"uagb_featured_image_src":{"full":["https:\/\/ranchovaqueromutata.co\/wp-content\/uploads\/2023\/08\/WhatsApp-Image-2023-08-28-at-3.03.01-PM.jpeg",1600,1200,false],"thumbnail":["https:\/\/ranchovaqueromutata.co\/wp-content\/uploads\/2023\/08\/WhatsApp-Image-2023-08-28-at-3.03.01-PM-150x150.jpeg",150,150,true],"medium":["https:\/\/ranchovaqueromutata.co\/wp-content\/uploads\/2023\/08\/WhatsApp-Image-2023-08-28-at-3.03.01-PM-300x225.jpeg",300,225,true],"medium_large":["https:\/\/ranchovaqueromutata.co\/wp-content\/uploads\/2023\/08\/WhatsApp-Image-2023-08-28-at-3.03.01-PM-768x576.jpeg",768,576,true],"large":["https:\/\/ranchovaqueromutata.co\/wp-content\/uploads\/2023\/08\/WhatsApp-Image-2023-08-28-at-3.03.01-PM-1024x768.jpeg",1024,768,true],"1536x1536":["https:\/\/ranchovaqueromutata.co\/wp-content\/uploads\/2023\/08\/WhatsApp-Image-2023-08-28-at-3.03.01-PM-1536x1152.jpeg",1536,1152,true],"2048x2048":["https:\/\/ranchovaqueromutata.co\/wp-content\/uploads\/2023\/08\/WhatsApp-Image-2023-08-28-at-3.03.01-PM.jpeg",1600,1200,false],"woocommerce_thumbnail":["https:\/\/ranchovaqueromutata.co\/wp-content\/uploads\/2023\/08\/WhatsApp-Image-2023-08-28-at-3.03.01-PM-300x300.jpeg",300,300,true],"woocommerce_single":["https:\/\/ranchovaqueromutata.co\/wp-content\/uploads\/2023\/08\/WhatsApp-Image-2023-08-28-at-3.03.01-PM-600x450.jpeg",600,450,true],"woocommerce_gallery_thumbnail":["https:\/\/ranchovaqueromutata.co\/wp-content\/uploads\/2023\/08\/WhatsApp-Image-2023-08-28-at-3.03.01-PM-100x100.jpeg",100,100,true]},"uagb_author_info":{"display_name":"ranchovaqueromutata","author_link":"https:\/\/ranchovaqueromutata.co\/?author=0"},"uagb_comment_info":0,"uagb_excerpt":"Bandeja paisa b\u00e1sica trae frijoles, chicharr\u00f3n, huevo, tajada de maduro o patac\u00f3n,\u00a0 porci\u00f3n de arroz, ensalada, aguacate, chorizo y limonada o jugo natural","_links":{"self":[{"href":"https:\/\/ranchovaqueromutata.co\/index.php?rest_route=\/wp\/v2\/product\/1588","targetHints":{"allow":["GET"]}}],"collection":[{"href":"https:\/\/ranchovaqueromutata.co\/index.php?rest_route=\/wp\/v2\/product"}],"about":[{"href":"https:\/\/ranchovaqueromutata.co\/index.php?rest_route=\/wp\/v2\/types\/product"}],"wp:featuredmedia":[{"embeddable":true,"href":"https:\/\/ranchovaqueromutata.co\/index.php?rest_route=\/wp\/v2\/media\/1482"}],"wp:attachment":[{"href":"https:\/\/ranchovaqueromutata.co\/index.php?rest_route=%2Fwp%2Fv2%2Fmedia&parent=1588"}],"wp:term":[{"taxonomy":"product_brand","embeddable":true,"href":"https:\/\/ranchovaqueromutata.co\/index.php?rest_route=%2Fwp%2Fv2%2Fproduct_brand&post=1588"},{"taxonomy":"product_cat","embeddable":true,"href":"https:\/\/ranchovaqueromutata.co\/index.php?rest_route=%2Fwp%2Fv2%2Fproduct_cat&post=1588"},{"taxonomy":"product_tag","embeddable":true,"href":"https:\/\/ranchovaqueromutata.co\/index.php?rest_route=%2Fwp%2Fv2%2Fproduct_tag&post=1588"}],"curies":[{"name":"wp","href":"https:\/\/api.w.org\/{rel}","templated":true}]}}