{"id":1580,"date":"2023-09-02T09:54:59","date_gmt":"2023-09-02T14:54:59","guid":{"rendered":"https:\/\/ranchovaqueromutata.co\/?post_type=product&#038;p=1580"},"modified":"2026-01-29T16:46:30","modified_gmt":"2026-01-29T21:46:30","slug":"picada-para-grupo","status":"publish","type":"product","link":"https:\/\/ranchovaqueromutata.co\/?product=picada-para-grupo","title":{"rendered":"Picada para grupo peque\u00f1o"},"content":{"rendered":"<p>Picada para grupo peque\u00f1o, Saludablemente equilibrada para grupo peque\u00f1o, milanesa de res, milanesa de cerdo, filete de pollo, chorizo ahumado, chicharr\u00f3n carnudo, morcilla, patacones, papas a la francesa, yuca frita y arepa frita<\/p>\n","protected":false},"excerpt":{"rendered":"<p>Picada para grupo peque\u00f1o, Saludablemente equilibrada para grupo peque\u00f1o, milanesa de res, milanesa de cerdo, filete de pollo, chorizo ahumado, chicharr\u00f3n carnudo, morcilla, patacones, papas a la francesa, yuca frita y arepa frita<\/p>\n","protected":false},"featured_media":0,"template":"","meta":{"om_disable_all_campaigns":false,"_uag_custom_page_level_css":"","_monsterinsights_skip_tracking":false,"_monsterinsights_sitenote_active":false,"_monsterinsights_sitenote_note":"","_monsterinsights_sitenote_category":0,"site-sidebar-layout":"default","site-content-layout":"","ast-site-content-layout":"default","site-content-style":"default","site-sidebar-style":"default","ast-global-header-display":"","ast-banner-title-visibility":"","ast-main-header-display":"","ast-hfb-above-header-display":"","ast-hfb-below-header-display":"","ast-hfb-mobile-header-display":"","site-post-title":"","ast-breadcrumbs-content":"","ast-featured-img":"","footer-sml-layout":"","theme-transparent-header-meta":"default","adv-header-id-meta":"","stick-header-meta":"","header-above-stick-meta":"","header-main-stick-meta":"","header-below-stick-meta":"","astra-migrate-meta-layouts":"set","ast-page-background-enabled":"default","ast-page-background-meta":{"desktop":{"background-color":"","background-image":"","background-repeat":"repeat","background-position":"center center","background-size":"auto","background-attachment":"scroll","background-type":"","background-media":"","overlay-type":"","overlay-color":"","overlay-opacity":"","overlay-gradient":""},"tablet":{"background-color":"","background-image":"","background-repeat":"repeat","background-position":"center center","background-size":"auto","background-attachment":"scroll","background-type":"","background-media":"","overlay-type":"","overlay-color":"","overlay-opacity":"","overlay-gradient":""},"mobile":{"background-color":"","background-image":"","background-repeat":"repeat","background-position":"center center","background-size":"auto","background-attachment":"scroll","background-type":"","background-media":"","overlay-type":"","overlay-color":"","overlay-opacity":"","overlay-gradient":""}},"ast-content-background-meta":{"desktop":{"background-color":"var(--ast-global-color-5)","background-image":"","background-repeat":"repeat","background-position":"center center","background-size":"auto","background-attachment":"scroll","background-type":"","background-media":"","overlay-type":"","overlay-color":"","overlay-opacity":"","overlay-gradient":""},"tablet":{"background-color":"var(--ast-global-color-5)","background-image":"","background-repeat":"repeat","background-position":"center center","background-size":"auto","background-attachment":"scroll","background-type":"","background-media":"","overlay-type":"","overlay-color":"","overlay-opacity":"","overlay-gradient":""},"mobile":{"background-color":"var(--ast-global-color-5)","background-image":"","background-repeat":"repeat","background-position":"center center","background-size":"auto","background-attachment":"scroll","background-type":"","background-media":"","overlay-type":"","overlay-color":"","overlay-opacity":"","overlay-gradient":""}}},"product_brand":[],"product_cat":[23],"product_tag":[],"class_list":{"0":"post-1580","1":"product","2":"type-product","3":"status-publish","5":"product_cat-picadas","6":"desktop-align-left","7":"tablet-align-left","8":"mobile-align-left","10":"first","11":"instock","12":"shipping-taxable","13":"purchasable","14":"product-type-simple"},"aioseo_notices":[],"uagb_featured_image_src":{"full":false,"thumbnail":false,"medium":false,"medium_large":false,"large":false,"1536x1536":false,"2048x2048":false,"woocommerce_thumbnail":false,"woocommerce_single":false,"woocommerce_gallery_thumbnail":false},"uagb_author_info":{"display_name":"ranchovaqueromutata","author_link":"https:\/\/ranchovaqueromutata.co\/?author=0"},"uagb_comment_info":0,"uagb_excerpt":"Picada para grupo peque\u00f1o, Saludablemente equilibrada para grupo peque\u00f1o, milanesa de res, milanesa de cerdo, filete de pollo, chorizo ahumado, chicharr\u00f3n carnudo, morcilla, patacones, papas a la francesa, yuca frita y arepa frita","_links":{"self":[{"href":"https:\/\/ranchovaqueromutata.co\/index.php?rest_route=\/wp\/v2\/product\/1580","targetHints":{"allow":["GET"]}}],"collection":[{"href":"https:\/\/ranchovaqueromutata.co\/index.php?rest_route=\/wp\/v2\/product"}],"about":[{"href":"https:\/\/ranchovaqueromutata.co\/index.php?rest_route=\/wp\/v2\/types\/product"}],"wp:attachment":[{"href":"https:\/\/ranchovaqueromutata.co\/index.php?rest_route=%2Fwp%2Fv2%2Fmedia&parent=1580"}],"wp:term":[{"taxonomy":"product_brand","embeddable":true,"href":"https:\/\/ranchovaqueromutata.co\/index.php?rest_route=%2Fwp%2Fv2%2Fproduct_brand&post=1580"},{"taxonomy":"product_cat","embeddable":true,"href":"https:\/\/ranchovaqueromutata.co\/index.php?rest_route=%2Fwp%2Fv2%2Fproduct_cat&post=1580"},{"taxonomy":"product_tag","embeddable":true,"href":"https:\/\/ranchovaqueromutata.co\/index.php?rest_route=%2Fwp%2Fv2%2Fproduct_tag&post=1580"}],"curies":[{"name":"wp","href":"https:\/\/api.w.org\/{rel}","templated":true}]}}