{"id":533,"date":"2020-09-16T08:25:09","date_gmt":"2020-09-16T08:25:09","guid":{"rendered":"https:\/\/ranchovaqueromutata.co\/?page_id=533"},"modified":"2024-05-28T20:15:50","modified_gmt":"2024-05-29T01:15:50","slug":"about-us","status":"publish","type":"page","link":"https:\/\/ranchovaqueromutata.co\/?page_id=533","title":{"rendered":"Nosotros"},"content":{"rendered":"\n<div class=\"wp-block-uagb-container uagb-block-ad53bf8c alignfull uagb-is-root-container\"><div class=\"uagb-container__shape uagb-container__shape-bottom uagb-container__invert\" data-negative=\"false\"><svg xmlns=\"https:\/\/www.w3.org\/2000\/svg\" viewBox=\"0 0 700 10\" preserveAspectRatio=\"none\"><path class=\"uagb-container__shape-fill\" d=\"M350,10L340,0h20L350,10z\"><\/path><\/svg><\/div><div class=\"uagb-container-inner-blocks-wrap\">\n<div class=\"wp-block-uagb-container uagb-block-d6174d55\">\n<div class=\"wp-block-uagb-info-box uagb-block-d151348b uagb-infobox__content-wrap  uagb-infobox-icon-above-title uagb-infobox-image-valign-top\"><div class=\"uagb-ifb-content\"><div class=\"uagb-ifb-image-content\"><img decoding=\"async\" src=\"https:\/\/websitedemos.net\/bbq-restaurant-08\/wp-content\/uploads\/sites\/694\/2018\/10\/divider-free-img-1-150x35.png\" alt=\"\" width=\"\" height=\"0\" loading=\"lazy\"\/><\/div><div class=\"uagb-ifb-title-wrap\"><span class=\"uagb-ifb-title-prefix\">Sabe m\u00e1s\u200b<\/span><h1 class=\"uagb-ifb-title\">Qui\u00e9nes somos.<\/h1><\/div><p class=\"uagb-ifb-desc\">La mejor experiencia no solo es una buena comida sino el mejor sitio que le brindamos a todos nuestros clientes como lo eres t\u00fa.<\/p><\/div><\/div>\n<\/div>\n<\/div><\/div>\n\n\n\n<div class=\"wp-block-uagb-container uagb-block-68c5db3e alignfull uagb-is-root-container\"><div class=\"uagb-container-inner-blocks-wrap\">\n<div class=\"wp-block-uagb-container uagb-block-8fdf3bf6\">\n<h2 class=\"wp-block-heading alignfull has-text-align-center has-ast-global-color-0-color has-text-color\" style=\"font-size:60px\"><strong>Nuestro restaurante<\/strong><\/h2>\n\n\n\n<div class=\"wp-block-uagb-image aligncenter uagb-block-99de7834 wp-block-uagb-image--layout-default wp-block-uagb-image--effect-static wp-block-uagb-image--align-center\"><figure class=\"wp-block-uagb-image__figure\"><img decoding=\"async\" srcset=\"https:\/\/ranchovaqueromutata.co\/wp-content\/uploads\/2018\/10\/divider-free-img-1.png \" sizes=\"auto, (max-width: 480px) 150px\" src=\"https:\/\/ranchovaqueromutata.co\/wp-content\/uploads\/2018\/10\/divider-free-img-1.png\" alt=\"\" class=\"uag-image-12\" width=\"200\" height=\"35\" title=\"\" loading=\"lazy\" role=\"img\"\/><\/figure><\/div>\n<\/div>\n\n\n\n<div class=\"wp-block-uagb-advanced-heading uagb-block-67f279d6\"><\/div>\n\n\n\n<div class=\"wp-block-uagb-container uagb-block-da450076\"><div class=\"uagb-container__video-wrap\"><\/div>\n<div class=\"wp-block-uagb-image aligncenter uagb-block-b4bc76fc wp-block-uagb-image--layout-default wp-block-uagb-image--effect-static wp-block-uagb-image--align-center\"><figure class=\"wp-block-uagb-image__figure\"><img decoding=\"async\" srcset=\"https:\/\/ranchovaqueromutata.co\/wp-content\/uploads\/2019\/12\/Barbecue-dish-item-3.jpg \" sizes=\"auto, (max-width: 480px) 150px\" src=\"https:\/\/ranchovaqueromutata.co\/wp-content\/uploads\/2019\/12\/Barbecue-dish-item-3.jpg\" alt=\"\" class=\"uag-image-481\" width=\"730\" height=\"353\" title=\"\" loading=\"lazy\" role=\"img\"\/><\/figure><\/div>\n<\/div>\n<\/div><\/div>\n\n\n\n<div class=\"wp-block-uagb-container uagb-block-b948ed77 alignfull uagb-is-root-container\"><div class=\"uagb-container-inner-blocks-wrap\">\n<div class=\"wp-block-uagb-container uagb-block-1d730041\">\n<div class=\"inherit-container-width wp-block-group is-layout-constrained wp-block-group-is-layout-constrained\">\n<div class=\"wp-block-uagb-info-box uagb-block-c36533e3 uagb-infobox__content-wrap  uagb-infobox-icon-above-title uagb-infobox-image-valign-top\"><div class=\"uagb-ifb-content\"><div class=\"uagb-ifb-title-wrap\"><span class=\"uagb-ifb-title-prefix\">Un poco de nosotros\u200b<\/span><h6 class=\"uagb-ifb-title\">Servimos la mas deliciosa de las comidas, la mejor cocteler\u00eda, las mas deliciosas micheladas, gran variedad de licores y toda la infraestructura para realizar diferentes eventos junto ello divertidos eventos diarios estamos contigo desde 2022\u200b.<\/h6><\/div><div class=\"uagb-ifb-separator\"><\/div><p class=\"uagb-ifb-desc\">Rancho Vaquero nace como una propuesta que requer\u00eda la zona del Urab\u00e1 Antioque\u00f1o, d\u00f3nde la afici\u00f3n por los caballos, la vaquer\u00eda , el ganado necesitaban un mismo sitio donde se pudiera conjugar todo en un mismo lugar y las personas que nos visitaran se llevar\u00e1n la mejor de las experiencias, al disfrutar de un formato que tuviera todos los ingredientes que buscaba la zona.<br><br>Es as\u00ed, como nace Rancho Vaquero con todas las propuestas posibles para tener todo en un mismo lugar, un esparcimiento \u00fanico en el que puedes encontrar no solo una buena comida sino tambi\u00e9n, actividades como montar a caballo, senderismo tur\u00edstico, conocer la ruta del cacao y todo en un mismo sitio.<br><\/p><div class=\"uagb-ifb-button-wrapper wp-block-button\"><a href=\"https:\/\/ranchovaqueromutata.co\/?page_id=535\" class=\"uagb-infobox-cta-link wp-block-button__link\" target=\"_self\" rel=\"noopener noreferrer\" onclick=\"return true;\" alt=\"\"><span class=\"uagb-inline-editing\">Ver el Men\u00fa<\/span><\/a><\/div><\/div><\/div>\n<\/div>\n<\/div>\n\n\n\n<div class=\"wp-block-uagb-container uagb-block-fca92140\">\n<div class=\"wp-block-uagb-info-box uagb-block-210a180c uagb-infobox__content-wrap  uagb-infobox-icon-above-title uagb-infobox-image-valign-top\"><div class=\"uagb-ifb-content\"><div class=\"uagb-ifb-icon-wrap\"><svg xmlns=\"https:\/\/www.w3.org\/2000\/svg\" viewBox=\"0 0 640 512\"><path d=\"M319.1 351.1c-35.35 0-64 28.66-64 64.01s28.66 64.01 64 64.01c35.34 0 64-28.66 64-64.01S355.3 351.1 319.1 351.1zM320 191.1c-70.25 0-137.9 25.6-190.5 72.03C116.3 275.7 115 295.9 126.7 309.2C138.5 322.4 158.7 323.7 171.9 312C212.8 275.9 265.4 256 320 256s107.3 19.88 148.1 56C474.2 317.4 481.8 320 489.3 320c8.844 0 17.66-3.656 24-10.81C525 295.9 523.8 275.7 510.5 264C457.9 217.6 390.3 191.1 320 191.1zM630.2 156.7C546.3 76.28 436.2 32 320 32S93.69 76.28 9.844 156.7c-12.75 12.25-13.16 32.5-.9375 45.25c12.22 12.78 32.47 13.12 45.25 .9375C125.1 133.1 220.4 96 320 96s193.1 37.97 265.8 106.9C592.1 208.8 600 211.8 608 211.8c8.406 0 16.81-3.281 23.09-9.844C643.3 189.2 642.9 168.1 630.2 156.7z\"><\/path><\/svg><\/div><div class=\"uagb-ifb-title-wrap\"><h4 class=\"uagb-ifb-title\">WiFi gratuito para todos<\/h4><\/div><p class=\"uagb-ifb-desc\">Pida la contrase\u00f1a a cualquier empleado<\/p><\/div><\/div>\n<\/div>\n<\/div><\/div>\n\n\n\n<div class=\"wp-block-uagb-container uagb-block-2f3b4186 alignfull uagb-is-root-container\"><div class=\"uagb-container__shape uagb-container__shape-top\"><svg xmlns=\"https:\/\/www.w3.org\/2000\/svg\" viewBox=\"0 0 700 10\" preserveAspectRatio=\"none\"><path class=\"uagb-container__shape-fill\" d=\"M350,10L340,0h20L350,10z\"><\/path><\/svg><\/div><div class=\"uagb-container__shape uagb-container__shape-bottom uagb-container__invert\" data-negative=\"false\"><svg xmlns=\"https:\/\/www.w3.org\/2000\/svg\" viewBox=\"0 0 700 10\" preserveAspectRatio=\"none\"><path class=\"uagb-container__shape-fill\" d=\"M350,10L340,0h20L350,10z\"><\/path><\/svg><\/div><div class=\"uagb-container-inner-blocks-wrap\">\n<div class=\"wp-block-uagb-container uagb-block-f92f95db\">\n<div class=\"wp-block-uagb-advanced-heading uagb-block-ffc41725\"><h2 class=\"uagb-heading-text\">Nuestra pol\u00edtica alimentaria<\/h2><\/div>\n<\/div>\n\n\n\n<div class=\"wp-block-uagb-container uagb-block-d840e3e2\">\n<div class=\"wp-block-uagb-advanced-heading uagb-block-f5c9d2aa\"><h2 class=\"uagb-heading-text\">Nuestros valores esenciales<\/h2><\/div>\n<\/div>\n<\/div><\/div>\n\n\n\n<div class=\"wp-block-uagb-container uagb-block-834b0496 alignfull uagb-is-root-container\"><div class=\"uagb-container-inner-blocks-wrap\">\n<div class=\"wp-block-uagb-container uagb-block-e649222f\">\n<div class=\"wp-block-uagb-info-box uagb-block-027266b3 uagb-infobox__content-wrap  uagb-infobox-icon-above-title uagb-infobox-image-valign-top\"><div class=\"uagb-ifb-content\"><div class=\"uagb-ifb-title-wrap\"><span class=\"uagb-ifb-title-prefix\">Nuestros servicios<\/span><h6 class=\"uagb-ifb-title\">\u00a1\u00a1\u00a1\u00a1DISFRUTA!!!!!<\/h6><\/div><p class=\"uagb-ifb-desc\">Contamos con una gran variedad de eventos, momentos y experiencias, diferentes actividades para tu disfrute aprovecha cada una de ellas y ll\u00e9vate un maravilloso recuerdo.<\/p><div class=\"uagb-ifb-separator\"><\/div><\/div><\/div>\n\n\n\n<div class=\"wp-block-columns is-layout-flex wp-container-core-columns-is-layout-28f84493 wp-block-columns-is-layout-flex\">\n<div class=\"wp-block-column is-layout-flow wp-block-column-is-layout-flow\" style=\"flex-basis:100%\">\n<figure class=\"wp-block-image size-full is-resized\"><img loading=\"lazy\" decoding=\"async\" width=\"454\" height=\"300\" src=\"https:\/\/ranchovaqueromutata.co\/wp-content\/uploads\/2023\/08\/image-5.png\" alt=\"\" class=\"wp-image-1452\" style=\"aspect-ratio:1.5153846153846153;object-fit:cover;width:329px;height:auto\" srcset=\"https:\/\/ranchovaqueromutata.co\/wp-content\/uploads\/2023\/08\/image-5.png 454w, https:\/\/ranchovaqueromutata.co\/wp-content\/uploads\/2023\/08\/image-5-300x198.png 300w\" sizes=\"auto, (max-width: 454px) 100vw, 454px\" \/><\/figure>\n<\/div>\n<\/div>\n\n\n\n<div class=\"wp-block-buttons is-content-justification-center is-layout-flex wp-container-core-buttons-is-layout-a89b3969 wp-block-buttons-is-layout-flex\">\n<div class=\"wp-block-button has-custom-width wp-block-button__width-50\"><a class=\"wp-block-button__link wp-element-button\" href=\"https:\/\/ranchovaqueromutata.co\/?page_id=1665\">SENDERISMO<\/a><\/div>\n<\/div>\n<\/div>\n\n\n\n<div class=\"wp-block-uagb-container uagb-block-226e5abc\">\n<div class=\"wp-block-uagb-container uagb-block-1fbd9eb2\">\n<figure class=\"wp-block-image size-full is-resized\"><img loading=\"lazy\" decoding=\"async\" width=\"291\" height=\"218\" src=\"https:\/\/ranchovaqueromutata.co\/wp-content\/uploads\/2023\/08\/image.png\" alt=\"\" class=\"wp-image-1443\" style=\"aspect-ratio:1.3377777777777777;width:239px;height:auto\"\/><\/figure>\n<\/div>\n\n\n\n<div class=\"wp-block-buttons is-content-justification-center is-layout-flex wp-container-core-buttons-is-layout-b5994976 wp-block-buttons-is-layout-flex\">\n<div class=\"wp-block-button\"><a class=\"wp-block-button__link wp-element-button\" href=\"https:\/\/ranchovaqueromutata.co\/?page_id=1683\">DISCOTECA<\/a><\/div>\n<\/div>\n\n\n\n<div class=\"wp-block-uagb-container uagb-block-2ed692ca\">\n<figure class=\"wp-block-image size-full is-resized\"><img loading=\"lazy\" decoding=\"async\" width=\"466\" height=\"355\" src=\"https:\/\/ranchovaqueromutata.co\/wp-content\/uploads\/2023\/08\/image-2.png\" alt=\"\" class=\"wp-image-1445\" style=\"aspect-ratio:1.3157894736842106;width:268px;height:auto\" srcset=\"https:\/\/ranchovaqueromutata.co\/wp-content\/uploads\/2023\/08\/image-2.png 466w, https:\/\/ranchovaqueromutata.co\/wp-content\/uploads\/2023\/08\/image-2-300x229.png 300w\" sizes=\"auto, (max-width: 466px) 100vw, 466px\" \/><\/figure>\n<\/div>\n\n\n\n<div class=\"wp-block-buttons is-content-justification-center is-layout-flex wp-container-core-buttons-is-layout-a89b3969 wp-block-buttons-is-layout-flex\">\n<div class=\"wp-block-button\"><a class=\"wp-block-button__link wp-element-button\">MONTAR A CABALLO<\/a><\/div>\n<\/div>\n<\/div>\n\n\n\n<div class=\"wp-block-uagb-container uagb-block-197a0e30\">\n<div class=\"wp-block-uagb-container uagb-block-677aa6f6\">\n<figure class=\"wp-block-image size-full is-resized\"><img loading=\"lazy\" decoding=\"async\" width=\"415\" height=\"264\" src=\"https:\/\/ranchovaqueromutata.co\/wp-content\/uploads\/2023\/08\/image-1.png\" alt=\"\" class=\"wp-image-1444\" style=\"aspect-ratio:1.5777777777777777;width:284px;height:auto\" srcset=\"https:\/\/ranchovaqueromutata.co\/wp-content\/uploads\/2023\/08\/image-1.png 415w, https:\/\/ranchovaqueromutata.co\/wp-content\/uploads\/2023\/08\/image-1-300x191.png 300w\" sizes=\"auto, (max-width: 415px) 100vw, 415px\" \/><\/figure>\n<\/div>\n\n\n\n<div class=\"wp-block-buttons is-content-justification-center is-layout-flex wp-container-core-buttons-is-layout-a89b3969 wp-block-buttons-is-layout-flex\">\n<div class=\"wp-block-button\"><a class=\"wp-block-button__link wp-element-button\">PISTA DE RESONANCIA<\/a><\/div>\n<\/div>\n\n\n\n<div class=\"wp-block-uagb-container uagb-block-a923d728\">\n<div class=\"wp-block-uagb-container uagb-block-b1ce517e\">\n<figure class=\"wp-block-image size-full is-resized\"><img loading=\"lazy\" decoding=\"async\" width=\"298\" height=\"207\" src=\"https:\/\/ranchovaqueromutata.co\/wp-content\/uploads\/2023\/08\/image-4.png\" alt=\"\" class=\"wp-image-1447\" style=\"aspect-ratio:1.4331983805668016;width:291px;height:auto\"\/><\/figure>\n<\/div>\n<\/div>\n\n\n\n<div class=\"wp-block-buttons is-content-justification-center is-layout-flex wp-container-core-buttons-is-layout-a89b3969 wp-block-buttons-is-layout-flex\">\n<div class=\"wp-block-button\"><a class=\"wp-block-button__link wp-element-button\">PISTA DE CARROS ATV, UTV, MOTOCROSS<\/a><\/div>\n<\/div>\n<\/div>\n<\/div><\/div>\n\n\n\n<div class=\"wp-block-uagb-container uagb-block-b418cd72 alignfull uagb-is-root-container\"><div class=\"uagb-container-inner-blocks-wrap\">\n<div class=\"wp-block-uagb-advanced-heading uagb-block-6b01e7f0\"><h2 class=\"uagb-heading-text\">Vis\u00edtanos en<\/h2><\/div>\n\n\n\n<div class=\"wp-block-uagb-social-share uagb-social-share__outer-wrap uagb-social-share__layout-horizontal uagb-block-672b9423\">\n<div class=\"wp-block-uagb-social-share-child uagb-ss-repeater uagb-ss__wrapper uagb-block-6dc25241\"><span class=\"uagb-ss__link\" data-href=\"https:\/\/www.facebook.com\/sharer.php?u=\" tabindex=\"0\" role=\"button\" aria-label=\"facebook\"><span class=\"uagb-ss__source-wrap\"><span class=\"uagb-ss__source-icon\"><svg xmlns=\"https:\/\/www.w3.org\/2000\/svg\" viewBox=\"0 0 448 512\"><path d=\"M224.1 141c-63.6 0-114.9 51.3-114.9 114.9s51.3 114.9 114.9 114.9S339 319.5 339 255.9 287.7 141 224.1 141zm0 189.6c-41.1 0-74.7-33.5-74.7-74.7s33.5-74.7 74.7-74.7 74.7 33.5 74.7 74.7-33.6 74.7-74.7 74.7zm146.4-194.3c0 14.9-12 26.8-26.8 26.8-14.9 0-26.8-12-26.8-26.8s12-26.8 26.8-26.8 26.8 12 26.8 26.8zm76.1 27.2c-1.7-35.9-9.9-67.7-36.2-93.9-26.2-26.2-58-34.4-93.9-36.2-37-2.1-147.9-2.1-184.9 0-35.8 1.7-67.6 9.9-93.9 36.1s-34.4 58-36.2 93.9c-2.1 37-2.1 147.9 0 184.9 1.7 35.9 9.9 67.7 36.2 93.9s58 34.4 93.9 36.2c37 2.1 147.9 2.1 184.9 0 35.9-1.7 67.7-9.9 93.9-36.2 26.2-26.2 34.4-58 36.2-93.9 2.1-37 2.1-147.8 0-184.8zM398.8 388c-7.8 19.6-22.9 34.7-42.6 42.6-29.5 11.7-99.5 9-132.1 9s-102.7 2.6-132.1-9c-19.6-7.8-34.7-22.9-42.6-42.6-11.7-29.5-9-99.5-9-132.1s-2.6-102.7 9-132.1c7.8-19.6 22.9-34.7 42.6-42.6 29.5-11.7 99.5-9 132.1-9s102.7-2.6 132.1 9c19.6 7.8 34.7 22.9 42.6 42.6 11.7 29.5 9 99.5 9 132.1s2.7 102.7-9 132.1z\"><\/path><\/svg><\/span><\/span><\/span><\/div>\n\n\n\n<div class=\"wp-block-uagb-social-share-child uagb-ss-repeater uagb-ss__wrapper uagb-block-8dda6ac1\"><span class=\"uagb-ss__link\" data-href=\"https:\/\/www.facebook.com\/sharer.php?u=\" tabindex=\"0\" role=\"button\" aria-label=\"facebook\"><span class=\"uagb-ss__source-wrap\"><span class=\"uagb-ss__source-icon\"><svg xmlns=\"https:\/\/www.w3.org\/2000\/svg\" viewBox=\"0 0 512 512\"><path d=\"M504 256C504 119 393 8 256 8S8 119 8 256c0 123.8 90.69 226.4 209.3 245V327.7h-63V256h63v-54.64c0-62.15 37-96.48 93.67-96.48 27.14 0 55.52 4.84 55.52 4.84v61h-31.28c-30.8 0-40.41 19.12-40.41 38.73V256h68.78l-11 71.69h-57.78V501C413.3 482.4 504 379.8 504 256z\"><\/path><\/svg><\/span><\/span><\/span><\/div>\n<\/div>\n<\/div><\/div>\n","protected":false},"excerpt":{"rendered":"<p>Nuestro restaurante Nuestra pol\u00edtica alimentaria Nuestros valores esenciales Vis\u00edtanos en<\/p>\n","protected":false},"author":1,"featured_media":0,"parent":0,"menu_order":0,"comment_status":"closed","ping_status":"closed","template":"","meta":{"om_disable_all_campaigns":false,"_uag_custom_page_level_css":"","_monsterinsights_skip_tracking":false,"_monsterinsights_sitenote_active":false,"_monsterinsights_sitenote_note":"","_monsterinsights_sitenote_category":0,"site-sidebar-layout":"no-sidebar","site-content-layout":"plain-container","ast-site-content-layout":"normal-width-container","site-content-style":"unboxed","site-sidebar-style":"unboxed","ast-global-header-display":"","ast-banner-title-visibility":"","ast-main-header-display":"","ast-hfb-above-header-display":"","ast-hfb-below-header-display":"","ast-hfb-mobile-header-display":"","site-post-title":"disabled","ast-breadcrumbs-content":"","ast-featured-img":"disabled","footer-sml-layout":"","theme-transparent-header-meta":"default","adv-header-id-meta":"","stick-header-meta":"","header-above-stick-meta":"","header-main-stick-meta":"","header-below-stick-meta":"","astra-migrate-meta-layouts":"set","ast-page-background-enabled":"default","ast-page-background-meta":{"desktop":{"background-color":"","background-image":"","background-repeat":"repeat","background-position":"center center","background-size":"auto","background-attachment":"scroll","background-type":"","background-media":"","overlay-type":"","overlay-color":"","overlay-opacity":"","overlay-gradient":""},"tablet":{"background-color":"","background-image":"","background-repeat":"repeat","background-position":"center center","background-size":"auto","background-attachment":"scroll","background-type":"","background-media":"","overlay-type":"","overlay-color":"","overlay-opacity":"","overlay-gradient":""},"mobile":{"background-color":"","background-image":"","background-repeat":"repeat","background-position":"center center","background-size":"auto","background-attachment":"scroll","background-type":"","background-media":"","overlay-type":"","overlay-color":"","overlay-opacity":"","overlay-gradient":""}},"ast-content-background-meta":{"desktop":{"background-color":"var(--ast-global-color-5)","background-image":"","background-repeat":"repeat","background-position":"center center","background-size":"auto","background-attachment":"scroll","background-type":"","background-media":"","overlay-type":"","overlay-color":"","overlay-opacity":"","overlay-gradient":""},"tablet":{"background-color":"var(--ast-global-color-5)","background-image":"","background-repeat":"repeat","background-position":"center center","background-size":"auto","background-attachment":"scroll","background-type":"","background-media":"","overlay-type":"","overlay-color":"","overlay-opacity":"","overlay-gradient":""},"mobile":{"background-color":"var(--ast-global-color-5)","background-image":"","background-repeat":"repeat","background-position":"center center","background-size":"auto","background-attachment":"scroll","background-type":"","background-media":"","overlay-type":"","overlay-color":"","overlay-opacity":"","overlay-gradient":""}},"footnotes":""},"class_list":["post-533","page","type-page","status-publish","hentry"],"aioseo_notices":[],"uagb_featured_image_src":{"full":false,"thumbnail":false,"medium":false,"medium_large":false,"large":false,"1536x1536":false,"2048x2048":false,"woocommerce_thumbnail":false,"woocommerce_single":false,"woocommerce_gallery_thumbnail":false},"uagb_author_info":{"display_name":"ranchovaqueromutata","author_link":"https:\/\/ranchovaqueromutata.co\/?author=1"},"uagb_comment_info":0,"uagb_excerpt":"Nuestro restaurante Nuestra pol\u00edtica alimentaria Nuestros valores esenciales Vis\u00edtanos en","_links":{"self":[{"href":"https:\/\/ranchovaqueromutata.co\/index.php?rest_route=\/wp\/v2\/pages\/533","targetHints":{"allow":["GET"]}}],"collection":[{"href":"https:\/\/ranchovaqueromutata.co\/index.php?rest_route=\/wp\/v2\/pages"}],"about":[{"href":"https:\/\/ranchovaqueromutata.co\/index.php?rest_route=\/wp\/v2\/types\/page"}],"author":[{"embeddable":true,"href":"https:\/\/ranchovaqueromutata.co\/index.php?rest_route=\/wp\/v2\/users\/1"}],"replies":[{"embeddable":true,"href":"https:\/\/ranchovaqueromutata.co\/index.php?rest_route=%2Fwp%2Fv2%2Fcomments&post=533"}],"version-history":[{"count":34,"href":"https:\/\/ranchovaqueromutata.co\/index.php?rest_route=\/wp\/v2\/pages\/533\/revisions"}],"predecessor-version":[{"id":1747,"href":"https:\/\/ranchovaqueromutata.co\/index.php?rest_route=\/wp\/v2\/pages\/533\/revisions\/1747"}],"wp:attachment":[{"href":"https:\/\/ranchovaqueromutata.co\/index.php?rest_route=%2Fwp%2Fv2%2Fmedia&parent=533"}],"curies":[{"name":"wp","href":"https:\/\/api.w.org\/{rel}","templated":true}]}}